{"id":141,"date":"2021-05-01T09:19:21","date_gmt":"2021-05-01T09:19:21","guid":{"rendered":"http:\/\/www.sonntrans.com\/?page_id=141"},"modified":"2024-05-22T15:21:01","modified_gmt":"2024-05-22T15:21:01","slug":"leistungen","status":"publish","type":"page","link":"https:\/\/www.sonntrans.com\/en\/leistungen\/","title":{"rendered":"Leistungen"},"content":{"rendered":"<div data-elementor-type=\"wp-post\" data-elementor-id=\"141\" class=\"elementor elementor-141\">\n\t\t\t\t\t\t<section class=\"elementor-section elementor-top-section elementor-element elementor-element-3ddbde60 elementor-section-boxed elementor-section-height-default elementor-section-height-default\" data-id=\"3ddbde60\" data-element_type=\"section\" data-e-type=\"section\">\n\t\t\t\t\t\t<div class=\"elementor-container elementor-column-gap-default\">\n\t\t\t\t\t<div class=\"elementor-column elementor-col-100 elementor-top-column elementor-element elementor-element-18faa961\" data-id=\"18faa961\" data-element_type=\"column\" data-e-type=\"column\">\n\t\t\t<div class=\"elementor-widget-wrap elementor-element-populated\">\n\t\t\t\t\t\t<div class=\"elementor-element elementor-element-d8c63bb elementor-widget elementor-widget-text-editor\" data-id=\"d8c63bb\" data-element_type=\"widget\" data-e-type=\"widget\" data-widget_type=\"text-editor.default\">\n\t\t\t\t<div class=\"elementor-widget-container\">\n\t\t\t\t\t\t\t\t\t<h3 class=\"font_6\"><span class=\"color_11\" style=\"color: #ffffff;\">Professionelles \u00dcbersetzen<\/span><\/h3>\n<p class=\"font_6\"><span class=\"color_11\" style=\"color: #ffffff;\">Professionelle \u00dcbersetzer:innen, die diese F\u00e4higkeiten studiert haben, denken im Prinzip nicht in W\u00f6rtern, sondern haben immer den Kontext im Blick.<\/span><\/p>\n<p><span class=\"color_11\"><span style=\"color: #ffffff;\">Und dieser Kontext ist so unterschiedlich, ver\u00e4nderlich und subtil, dass er von Online-\u00dcbersetzungsprogrammen zwar h\u00e4ufig richtig erkannt wird, aber eben nicht immer. Und hier liegt die Crux: Man kann sich nie sicher sein, was nun genau richtig \u00fcbersetzt wurde&#8230;<\/span><\/span><\/p>\t\t\t\t\t\t\t\t<\/div>\n\t\t\t\t<\/div>\n\t\t\t\t<section class=\"elementor-section elementor-inner-section elementor-element elementor-element-14ea66d elementor-section-boxed elementor-section-height-default elementor-section-height-default\" data-id=\"14ea66d\" data-element_type=\"section\" data-e-type=\"section\">\n\t\t\t\t\t\t<div class=\"elementor-container elementor-column-gap-default\">\n\t\t\t\t\t<div class=\"elementor-column elementor-col-100 elementor-inner-column elementor-element elementor-element-bb4f407\" data-id=\"bb4f407\" data-element_type=\"column\" data-e-type=\"column\">\n\t\t\t<div class=\"elementor-widget-wrap elementor-element-populated\">\n\t\t\t\t\t\t<div class=\"elementor-element elementor-element-aa53fcb elementor-widget__width-inherit elementor-widget elementor-widget-text-editor\" data-id=\"aa53fcb\" data-element_type=\"widget\" data-e-type=\"widget\" data-widget_type=\"text-editor.default\">\n\t\t\t\t<div class=\"elementor-widget-container\">\n\t\t\t\t\t\t\t\t\t<p style=\"text-align: left;\"><span style=\"color: #ffffff;\">Die Ballonfahrerin mit der Lupe<\/span><\/p>\t\t\t\t\t\t\t\t<\/div>\n\t\t\t\t<\/div>\n\t\t\t\t\t<\/div>\n\t\t<\/div>\n\t\t\t\t\t<\/div>\n\t\t<\/section>\n\t\t\t\t<section class=\"elementor-section elementor-inner-section elementor-element elementor-element-f8aea37 elementor-section-boxed elementor-section-height-default elementor-section-height-default\" data-id=\"f8aea37\" data-element_type=\"section\" data-e-type=\"section\">\n\t\t\t\t\t\t<div class=\"elementor-container elementor-column-gap-default\">\n\t\t\t\t\t<div class=\"elementor-column elementor-col-33 elementor-inner-column elementor-element elementor-element-6ce5db8\" data-id=\"6ce5db8\" data-element_type=\"column\" data-e-type=\"column\">\n\t\t\t<div class=\"elementor-widget-wrap elementor-element-populated\">\n\t\t\t\t\t\t<div class=\"elementor-element elementor-element-8947b75 elementor-widget elementor-widget-image\" data-id=\"8947b75\" data-element_type=\"widget\" data-e-type=\"widget\" data-widget_type=\"image.default\">\n\t\t\t\t<div class=\"elementor-widget-container\">\n\t\t\t\t\t\t\t\t\t\t\t\t\t\t\t\t<a href=\"https:\/\/www.sonntrans.com\/wp-content\/uploads\/2021\/05\/Ballon_Hmmel.jpg\" data-elementor-open-lightbox=\"yes\" data-elementor-lightbox-title=\"Ballon_Hmmel\" data-e-action-hash=\"#elementor-action%3Aaction%3Dlightbox%26settings%3DeyJpZCI6Mzk5LCJ1cmwiOiJodHRwczpcL1wvd3d3LnNvbm50cmFucy5jb21cL3dwLWNvbnRlbnRcL3VwbG9hZHNcLzIwMjFcLzA1XC9CYWxsb25fSG1tZWwuanBnIn0%3D\">\n\t\t\t\t\t\t\t<img decoding=\"async\" width=\"208\" height=\"206\" src=\"https:\/\/www.sonntrans.com\/wp-content\/uploads\/2021\/05\/Ballon_Hmmel.jpg\" class=\"attachment-large size-large wp-image-399\" alt=\"\" srcset=\"https:\/\/www.sonntrans.com\/wp-content\/uploads\/2021\/05\/Ballon_Hmmel.jpg 208w, https:\/\/www.sonntrans.com\/wp-content\/uploads\/2021\/05\/Ballon_Hmmel-150x150.jpg 150w\" sizes=\"(max-width: 208px) 100vw, 208px\" \/>\t\t\t\t\t\t\t\t<\/a>\n\t\t\t\t\t\t\t\t\t\t\t\t\t\t\t<\/div>\n\t\t\t\t<\/div>\n\t\t\t\t\t<\/div>\n\t\t<\/div>\n\t\t\t\t<div class=\"elementor-column elementor-col-33 elementor-inner-column elementor-element elementor-element-542dbfc\" data-id=\"542dbfc\" data-element_type=\"column\" data-e-type=\"column\">\n\t\t\t<div class=\"elementor-widget-wrap elementor-element-populated\">\n\t\t\t\t\t\t<div class=\"elementor-element elementor-element-f0d8eba elementor-widget elementor-widget-text-editor\" data-id=\"f0d8eba\" data-element_type=\"widget\" data-e-type=\"widget\" data-widget_type=\"text-editor.default\">\n\t\t\t\t<div class=\"elementor-widget-container\">\n\t\t\t\t\t\t\t\t\t<p><span style=\"color: #ffffff;\">Wie beim Ballonfahren \u00fcber dem Text schweben, damit man die Zusammenh\u00e4nge, das \u201egro\u00dfe Ganze\u201d sieht, um dann wieder mit der Lupe ganz nah beim Text zu sein, damit jedes Komma, jedes Leerzeichen an der richtigen Stelle sitzt \u2013 das ist meine Strategie. Mit der richtigen Balance zwischen diesen zwei <em>Sicht<\/em>weisen komme ich zu gelungenen \u00dcbersetzungen.<\/span><\/p>\t\t\t\t\t\t\t\t<\/div>\n\t\t\t\t<\/div>\n\t\t\t\t\t<\/div>\n\t\t<\/div>\n\t\t\t\t<div class=\"elementor-column elementor-col-33 elementor-inner-column elementor-element elementor-element-4af8210\" data-id=\"4af8210\" data-element_type=\"column\" data-e-type=\"column\">\n\t\t\t<div class=\"elementor-widget-wrap elementor-element-populated\">\n\t\t\t\t\t\t<div class=\"elementor-element elementor-element-8e8def6 elementor-widget elementor-widget-image\" data-id=\"8e8def6\" data-element_type=\"widget\" data-e-type=\"widget\" data-widget_type=\"image.default\">\n\t\t\t\t<div class=\"elementor-widget-container\">\n\t\t\t\t\t\t\t\t\t\t\t\t\t\t\t<img fetchpriority=\"high\" decoding=\"async\" width=\"306\" height=\"305\" src=\"https:\/\/www.sonntrans.com\/wp-content\/uploads\/2021\/05\/Lupe.jpg\" class=\"attachment-large size-large wp-image-273\" alt=\"\" srcset=\"https:\/\/www.sonntrans.com\/wp-content\/uploads\/2021\/05\/Lupe.jpg 306w, https:\/\/www.sonntrans.com\/wp-content\/uploads\/2021\/05\/Lupe-300x300.jpg 300w, https:\/\/www.sonntrans.com\/wp-content\/uploads\/2021\/05\/Lupe-150x150.jpg 150w\" sizes=\"(max-width: 306px) 100vw, 306px\" \/>\t\t\t\t\t\t\t\t\t\t\t\t\t\t\t<\/div>\n\t\t\t\t<\/div>\n\t\t\t\t\t<\/div>\n\t\t<\/div>\n\t\t\t\t\t<\/div>\n\t\t<\/section>\n\t\t\t\t<section class=\"elementor-section elementor-inner-section elementor-element elementor-element-866c57c elementor-section-boxed elementor-section-height-default elementor-section-height-default\" data-id=\"866c57c\" data-element_type=\"section\" data-e-type=\"section\">\n\t\t\t\t\t\t<div class=\"elementor-container elementor-column-gap-default\">\n\t\t\t\t\t<div class=\"elementor-column elementor-col-50 elementor-inner-column elementor-element elementor-element-99cac49\" data-id=\"99cac49\" data-element_type=\"column\" data-e-type=\"column\">\n\t\t\t<div class=\"elementor-widget-wrap elementor-element-populated\">\n\t\t\t\t\t\t<div class=\"elementor-element elementor-element-37903ff elementor-widget__width-inherit elementor-widget elementor-widget-text-editor\" data-id=\"37903ff\" data-element_type=\"widget\" data-e-type=\"widget\" data-widget_type=\"text-editor.default\">\n\t\t\t\t<div class=\"elementor-widget-container\">\n\t\t\t\t\t\t\t\t\t<p style=\"text-align: left;\"><span style=\"color: #ffffff;\">Die<\/span><span style=\"color: #ffffff;\"> Software beim \u00dcbersetzen<br \/><\/span><\/p>\t\t\t\t\t\t\t\t<\/div>\n\t\t\t\t<\/div>\n\t\t\t\t<div class=\"elementor-element elementor-element-2165d57 elementor-widget elementor-widget-text-editor\" data-id=\"2165d57\" data-element_type=\"widget\" data-e-type=\"widget\" data-widget_type=\"text-editor.default\">\n\t\t\t\t<div class=\"elementor-widget-container\">\n\t\t\t\t\t\t\t\t\t<p>Nat\u00fcrlich setze ich als Sprachprofi unterschiedliche Tools und Systeme f\u00fcr meine \u00dcbersetzungen ein, aber nach dem Grundsatz \u201eDenn wir wissen, was wir tun\u201c habe ich immer die Kontrolle \u00fcber \u00fcbersetzungsrelevante Prozesse.<br \/>Ich verwende das <span class=\"color_11\">computergest\u00fctzte \u00dcbersetzungsprogramm <a href=\"https:\/\/www.star-deutschland.net\/softwareprodukte\/transit-translation-memory-system\" target=\"_blank\" rel=\"noopener\">Transit NXT von Star<\/a>, womit eine kosten- und zeiteffiziente Weiterverwendung bereits get\u00e4tigter \u00dcbersetzungen bei Folgeauftr\u00e4gen gew\u00e4hrleistet ist.<br \/>Neben den g\u00e4ngigen Dateiformaten, wie Word, Excel und PowerPoint, ist auch eine \u00dcbersetzung mit Layout-\u00dcbernahme aus Grafikprogrammen wie InDesign oder auch xml kein Problem.<\/span><\/p>\t\t\t\t\t\t\t\t<\/div>\n\t\t\t\t<\/div>\n\t\t\t\t\t<\/div>\n\t\t<\/div>\n\t\t\t\t<div class=\"elementor-column elementor-col-50 elementor-inner-column elementor-element elementor-element-f79dd8e\" data-id=\"f79dd8e\" data-element_type=\"column\" data-e-type=\"column\">\n\t\t\t<div class=\"elementor-widget-wrap elementor-element-populated\">\n\t\t\t\t\t\t<div class=\"elementor-element elementor-element-6e8a35b elementor-hidden-phone elementor-widget elementor-widget-spacer\" data-id=\"6e8a35b\" data-element_type=\"widget\" data-e-type=\"widget\" data-widget_type=\"spacer.default\">\n\t\t\t\t<div class=\"elementor-widget-container\">\n\t\t\t\t\t\t\t<div class=\"elementor-spacer\">\n\t\t\t<div class=\"elementor-spacer-inner\"><\/div>\n\t\t<\/div>\n\t\t\t\t\t\t<\/div>\n\t\t\t\t<\/div>\n\t\t\t\t<div class=\"elementor-element elementor-element-733e0e3b elementor-widget elementor-widget-image\" data-id=\"733e0e3b\" data-element_type=\"widget\" data-e-type=\"widget\" data-widget_type=\"image.default\">\n\t\t\t\t<div class=\"elementor-widget-container\">\n\t\t\t\t\t\t\t\t\t\t\t\t\t\t\t\t<a href=\"https:\/\/www.star-deutschland.net\/softwareprodukte\/transit-translation-memory-system\" target=\"_blank\" rel=\"noopener\">\n\t\t\t\t\t\t\t<img decoding=\"async\" width=\"200\" height=\"200\" src=\"https:\/\/www.sonntrans.com\/wp-content\/uploads\/2021\/05\/transit200x200.jpg\" class=\"attachment-full size-full wp-image-312\" alt=\"\" srcset=\"https:\/\/www.sonntrans.com\/wp-content\/uploads\/2021\/05\/transit200x200.jpg 200w, https:\/\/www.sonntrans.com\/wp-content\/uploads\/2021\/05\/transit200x200-150x150.jpg 150w\" sizes=\"(max-width: 200px) 100vw, 200px\" \/>\t\t\t\t\t\t\t\t<\/a>\n\t\t\t\t\t\t\t\t\t\t\t\t\t\t\t<\/div>\n\t\t\t\t<\/div>\n\t\t\t\t\t<\/div>\n\t\t<\/div>\n\t\t\t\t\t<\/div>\n\t\t<\/section>\n\t\t\t\t<section class=\"elementor-section elementor-inner-section elementor-element elementor-element-f7ebcd9 elementor-section-boxed elementor-section-height-default elementor-section-height-default\" data-id=\"f7ebcd9\" data-element_type=\"section\" data-e-type=\"section\">\n\t\t\t\t\t\t<div class=\"elementor-container elementor-column-gap-default\">\n\t\t\t\t\t<div class=\"elementor-column elementor-col-100 elementor-inner-column elementor-element elementor-element-c84ae09\" data-id=\"c84ae09\" data-element_type=\"column\" data-e-type=\"column\">\n\t\t\t<div class=\"elementor-widget-wrap elementor-element-populated\">\n\t\t\t\t\t\t<div class=\"elementor-element elementor-element-765dc49 elementor-widget__width-inherit elementor-widget elementor-widget-text-editor\" data-id=\"765dc49\" data-element_type=\"widget\" data-e-type=\"widget\" data-widget_type=\"text-editor.default\">\n\t\t\t\t<div class=\"elementor-widget-container\">\n\t\t\t\t\t\t\t\t\t<p style=\"text-align: left;\"><span style=\"color: #ffffff;\">Ihr\u00a0<\/span><span style=\"color: #ffffff;\"> \u00dcbersetzungsanliegen \u2013 Ihr Themengebiet<br \/><\/span><\/p>\t\t\t\t\t\t\t\t<\/div>\n\t\t\t\t<\/div>\n\t\t\t\t<div class=\"elementor-element elementor-element-2d8b4f0 elementor-widget elementor-widget-text-editor\" data-id=\"2d8b4f0\" data-element_type=\"widget\" data-e-type=\"widget\" data-widget_type=\"text-editor.default\">\n\t\t\t\t<div class=\"elementor-widget-container\">\n\t\t\t\t\t\t\t\t\t<p class=\"font_8\"><span class=\"color_11\">Da f\u00fcr jeden \u00dcbersetzungsauftrag spezifische Besonderheiten zu beachten sind, ist eine telefonische Kontaktaufnahme am geeignetsten, wichtige Rahmenbedingungen im Vorfeld zu kl\u00e4ren. Rufen Sie mich einfach an oder senden Sie mir eine <a href=\"mailto:info@sonntrans.com\" target=\"_self\">E-Mail<\/a>, damit ich mit Ihnen alles Wesentliche besprechen kann.<br \/><\/span><\/p><p class=\"font_8\"><span class=\"color_11\">Auf Basis des zu \u00fcbersetzenden Textumfangs bekommen Sie ein konkretes Angebot.<\/span>\u00a0<\/p><p class=\"font_8\"><span class=\"color_11\">Die Schwerpunkte meiner Arbeit liegen zum einen im technischen Bereich und umfassen alle Textsorten von Bedienungsanleitungen \u00fcber Datenbl\u00e4tter bis zu Produktkatalogen.<br \/>Des Weiteren \u00fcbersetze ich h\u00e4ufig Texte aus den Themen Wein, Gastronomie und Tourismus.<br \/>Gerne \u00fcbernehme ich auch das Lektorat des Ausgangstextes oder generell das Pr\u00fcfen deutscher Texte (Websites, Brosch\u00fcren).<\/span><\/p><p><a href=\"https:\/\/www.sonntrans.com\/wp-content\/uploads\/2021\/05\/sonntrans_Flyer_web.pdf\" target=\"_blank\" rel=\"noopener\">Hier<\/a> gibt\u2019s den Flyer von <strong>sonntrans \u00dcbersetzungen<\/strong>.<\/p>\t\t\t\t\t\t\t\t<\/div>\n\t\t\t\t<\/div>\n\t\t\t\t\t<\/div>\n\t\t<\/div>\n\t\t\t\t\t<\/div>\n\t\t<\/section>\n\t\t\t\t<section class=\"elementor-section elementor-inner-section elementor-element elementor-element-b29599b elementor-section-boxed elementor-section-height-default elementor-section-height-default\" data-id=\"b29599b\" data-element_type=\"section\" data-e-type=\"section\">\n\t\t\t\t\t\t<div class=\"elementor-container elementor-column-gap-default\">\n\t\t\t\t\t<div class=\"elementor-column elementor-col-100 elementor-inner-column elementor-element elementor-element-811f552\" data-id=\"811f552\" data-element_type=\"column\" data-e-type=\"column\">\n\t\t\t<div class=\"elementor-widget-wrap elementor-element-populated\">\n\t\t\t\t\t\t<div class=\"elementor-element elementor-element-16b3ae4 elementor-widget__width-inherit elementor-widget elementor-widget-text-editor\" data-id=\"16b3ae4\" data-element_type=\"widget\" data-e-type=\"widget\" data-widget_type=\"text-editor.default\">\n\t\t\t\t<div class=\"elementor-widget-container\">\n\t\t\t\t\t\t\t\t\t<p style=\"text-align: left;\"><span style=\"color: #ffffff;\">Lektorat &amp; Texten f\u00fcr Websites und Social Media<\/span><\/p>\t\t\t\t\t\t\t\t<\/div>\n\t\t\t\t<\/div>\n\t\t\t\t<div class=\"elementor-element elementor-element-d49a4c8 elementor-widget elementor-widget-text-editor\" data-id=\"d49a4c8\" data-element_type=\"widget\" data-e-type=\"widget\" data-widget_type=\"text-editor.default\">\n\t\t\t\t<div class=\"elementor-widget-container\">\n\t\t\t\t\t\t\t\t\t<p>Mein Sprachgef\u00fchl setze ich auch beim Lektorieren und Schreiben von Texten f\u00fcr Websites oder Posts in Instagram, Facebook oder LinkedIn ein.<br \/>F\u00fcr diese <a href=\"https:\/\/sonntrans.my.canva.site\/online-auftritte\" target=\"_blank\" rel=\"noopener\">Institutionen und Unternehmen<\/a> betreue und entwickle ich die Online-Auftritte auf den diversen Plattformen.<\/p>\t\t\t\t\t\t\t\t<\/div>\n\t\t\t\t<\/div>\n\t\t\t\t\t<\/div>\n\t\t<\/div>\n\t\t\t\t\t<\/div>\n\t\t<\/section>\n\t\t\t\t\t<\/div>\n\t\t<\/div>\n\t\t\t\t\t<\/div>\n\t\t<\/section>\n\t\t\t\t<\/div>","protected":false},"excerpt":{"rendered":"<p>Professionelles \u00dcbersetzen Professionelle \u00dcbersetzer:innen, die diese F\u00e4higkeiten studiert haben, denken im Prinzip nicht in W\u00f6rtern, sondern haben immer den Kontext im Blick. Und dieser Kontext ist so unterschiedlich, ver\u00e4nderlich und subtil, dass er von Online-\u00dcbersetzungsprogrammen zwar h\u00e4ufig richtig erkannt wird, aber eben nicht immer. Und hier liegt die Crux: Man kann sich nie sicher sein, [&hellip;]<\/p>\n","protected":false},"author":1,"featured_media":0,"parent":0,"menu_order":0,"comment_status":"closed","ping_status":"closed","template":"elementor_header_footer","meta":{"footnotes":""},"class_list":["post-141","page","type-page","status-publish","hentry"],"_links":{"self":[{"href":"https:\/\/www.sonntrans.com\/en\/wp-json\/wp\/v2\/pages\/141","targetHints":{"allow":["GET"]}}],"collection":[{"href":"https:\/\/www.sonntrans.com\/en\/wp-json\/wp\/v2\/pages"}],"about":[{"href":"https:\/\/www.sonntrans.com\/en\/wp-json\/wp\/v2\/types\/page"}],"author":[{"embeddable":true,"href":"https:\/\/www.sonntrans.com\/en\/wp-json\/wp\/v2\/users\/1"}],"replies":[{"embeddable":true,"href":"https:\/\/www.sonntrans.com\/en\/wp-json\/wp\/v2\/comments?post=141"}],"version-history":[{"count":260,"href":"https:\/\/www.sonntrans.com\/en\/wp-json\/wp\/v2\/pages\/141\/revisions"}],"predecessor-version":[{"id":1640,"href":"https:\/\/www.sonntrans.com\/en\/wp-json\/wp\/v2\/pages\/141\/revisions\/1640"}],"wp:attachment":[{"href":"https:\/\/www.sonntrans.com\/en\/wp-json\/wp\/v2\/media?parent=141"}],"curies":[{"name":"wp","href":"https:\/\/api.w.org\/{rel}","templated":true}]}}