{"id":157,"date":"2021-05-01T09:32:19","date_gmt":"2021-05-01T09:32:19","guid":{"rendered":"http:\/\/www.sonntrans.com\/?page_id=157"},"modified":"2023-12-18T07:23:20","modified_gmt":"2023-12-18T07:23:20","slug":"profil","status":"publish","type":"page","link":"https:\/\/www.sonntrans.com\/en\/profil\/","title":{"rendered":"Profil"},"content":{"rendered":"<div data-elementor-type=\"wp-post\" data-elementor-id=\"157\" class=\"elementor elementor-157\">\n\t\t\t\t\t\t<section class=\"elementor-section elementor-top-section elementor-element elementor-element-3e33a67b elementor-section-boxed elementor-section-height-default elementor-section-height-default\" data-id=\"3e33a67b\" data-element_type=\"section\" data-e-type=\"section\">\n\t\t\t\t\t\t<div class=\"elementor-container elementor-column-gap-default\">\n\t\t\t\t\t<div class=\"elementor-column elementor-col-50 elementor-top-column elementor-element elementor-element-81aa7be\" data-id=\"81aa7be\" data-element_type=\"column\" data-e-type=\"column\">\n\t\t\t<div class=\"elementor-widget-wrap elementor-element-populated\">\n\t\t\t\t\t\t<div class=\"elementor-element elementor-element-bcb1319 elementor-widget elementor-widget-text-editor\" data-id=\"bcb1319\" data-element_type=\"widget\" data-e-type=\"widget\" data-widget_type=\"text-editor.default\">\n\t\t\t\t<div class=\"elementor-widget-container\">\n\t\t\t\t\t\t\t\t\t<div id=\"bgLayers_comp-knof3jgt1\">\n<div data-testid=\"colorUnderlay\">\n<div data-mesh-id=\"comp-knof3jgt1inlineContent-gridContainer\" data-testid=\"mesh-container-content\">\n<div id=\"comp-knoq1dhj\" title=\"Foto_Ingrid.gif\">\n<div data-testid=\"linkElement\">\n<h3>Das bin ich<\/h3>\n<\/div>\n<\/div>\n<\/div>\n<\/div>\n<\/div>\n<div id=\"comp-knof3jgu\" class=\"_2bafp\" data-testid=\"richTextElement\">\n<p class=\"font_7\"><span class=\"color_11\">Seit dem Abschluss meines Studiums zur Diplom-\u00dcbersetzerin f\u00fcr Englisch und Spanisch mit der Zusatzpr\u00fcfung zum Dolmetschen f\u00fcr Englisch an der Universit\u00e4t Mainz\/Germersheim (Deutschland) 1991 bin ich freiberuflich t\u00e4tig.<\/span><\/p>\n<p><span class=\"color_11\">F\u00fcr meine Arbeit sind mir<\/span><\/p>\n<ul>\n<li>Qualit\u00e4t<\/li>\n<li>Zuverl\u00e4ssigkeit<\/li>\n<li>Termintreue<\/li>\n<\/ul>\n<p><span class=\"color_11\">die wichtigsten Grunds\u00e4tze. Die langj\u00e4hrige Zusammenarbeit mit meinen Kunden zeigt, dass ich diese Anspr\u00fcche erf\u00fclle.<\/span><\/p><p><span class=\"color_11\">Diese Werte und eine gro\u00dfe Portion Sicherheits- und Verantwortungsbewusstsein leiten mich auch, wenn ich als&nbsp;<a href=\"http:\/\/www.sonntrans\/rad-kellergasse\" target=\"_blank\" rel=\"noopener\">zertifizierter Radguide<\/a>&nbsp;mit in- und ausl\u00e4ndischen Radgruppen&nbsp; unterwegs bin.<\/span><\/p>\n<\/div>\t\t\t\t\t\t\t\t<\/div>\n\t\t\t\t<\/div>\n\t\t\t\t\t<\/div>\n\t\t<\/div>\n\t\t\t\t<div class=\"elementor-column elementor-col-50 elementor-top-column elementor-element elementor-element-49ef9e2\" data-id=\"49ef9e2\" data-element_type=\"column\" data-e-type=\"column\">\n\t\t\t<div class=\"elementor-widget-wrap elementor-element-populated\">\n\t\t\t\t\t\t<div class=\"elementor-element elementor-element-6ddc6ac elementor-widget elementor-widget-image\" data-id=\"6ddc6ac\" data-element_type=\"widget\" data-e-type=\"widget\" data-widget_type=\"image.default\">\n\t\t\t\t<div class=\"elementor-widget-container\">\n\t\t\t\t\t\t\t\t\t\t\t\t\t\t\t<img fetchpriority=\"high\" decoding=\"async\" width=\"250\" height=\"309\" src=\"https:\/\/www.sonntrans.com\/wp-content\/uploads\/2021\/05\/Portaet.jpg\" class=\"attachment-large size-large wp-image-478\" alt=\"\" srcset=\"https:\/\/www.sonntrans.com\/wp-content\/uploads\/2021\/05\/Portaet.jpg 250w, https:\/\/www.sonntrans.com\/wp-content\/uploads\/2021\/05\/Portaet-243x300.jpg 243w\" sizes=\"(max-width: 250px) 100vw, 250px\" \/>\t\t\t\t\t\t\t\t\t\t\t\t\t\t\t<\/div>\n\t\t\t\t<\/div>\n\t\t\t\t\t<\/div>\n\t\t<\/div>\n\t\t\t\t\t<\/div>\n\t\t<\/section>\n\t\t\t\t<section class=\"elementor-section elementor-top-section elementor-element elementor-element-252bed5f elementor-section-boxed elementor-section-height-default elementor-section-height-default\" data-id=\"252bed5f\" data-element_type=\"section\" data-e-type=\"section\">\n\t\t\t\t\t\t<div class=\"elementor-container elementor-column-gap-default\">\n\t\t\t\t\t<div class=\"elementor-column elementor-col-100 elementor-top-column elementor-element elementor-element-578fd7e2\" data-id=\"578fd7e2\" data-element_type=\"column\" data-e-type=\"column\">\n\t\t\t<div class=\"elementor-widget-wrap elementor-element-populated\">\n\t\t\t\t\t\t<div class=\"elementor-element elementor-element-229baed1 elementor-button-info elementor-align-center elementor-widget elementor-widget-button\" data-id=\"229baed1\" data-element_type=\"widget\" data-e-type=\"widget\" data-widget_type=\"button.default\">\n\t\t\t\t<div class=\"elementor-widget-container\">\n\t\t\t\t\t\t\t\t\t<div class=\"elementor-button-wrapper\">\n\t\t\t\t\t<a class=\"elementor-button elementor-button-link elementor-size-sm\" href=\"mailto:info@sonntrans.com\">\n\t\t\t\t\t\t<span class=\"elementor-button-content-wrapper\">\n\t\t\t\t\t\t<span class=\"elementor-button-icon\">\n\t\t\t\t<i aria-hidden=\"true\" class=\"far fa-arrow-alt-circle-right\"><\/i>\t\t\t<\/span>\n\t\t\t\t\t\t\t\t\t<span class=\"elementor-button-text\">Kontakt aufnehmen<\/span>\n\t\t\t\t\t<\/span>\n\t\t\t\t\t<\/a>\n\t\t\t\t<\/div>\n\t\t\t\t\t\t\t\t<\/div>\n\t\t\t\t<\/div>\n\t\t\t\t\t<\/div>\n\t\t<\/div>\n\t\t\t\t\t<\/div>\n\t\t<\/section>\n\t\t\t\t<\/div>","protected":false},"excerpt":{"rendered":"<p>Das bin ich Seit dem Abschluss meines Studiums zur Diplom-\u00dcbersetzerin f\u00fcr Englisch und Spanisch mit der Zusatzpr\u00fcfung zum Dolmetschen f\u00fcr Englisch an der Universit\u00e4t Mainz\/Germersheim (Deutschland) 1991 bin ich freiberuflich t\u00e4tig. F\u00fcr meine Arbeit sind mir Qualit\u00e4t Zuverl\u00e4ssigkeit Termintreue die wichtigsten Grunds\u00e4tze. Die langj\u00e4hrige Zusammenarbeit mit meinen Kunden zeigt, dass ich diese Anspr\u00fcche erf\u00fclle. Diese [&hellip;]<\/p>\n","protected":false},"author":1,"featured_media":0,"parent":0,"menu_order":0,"comment_status":"closed","ping_status":"closed","template":"elementor_header_footer","meta":{"footnotes":""},"class_list":["post-157","page","type-page","status-publish","hentry"],"_links":{"self":[{"href":"https:\/\/www.sonntrans.com\/en\/wp-json\/wp\/v2\/pages\/157","targetHints":{"allow":["GET"]}}],"collection":[{"href":"https:\/\/www.sonntrans.com\/en\/wp-json\/wp\/v2\/pages"}],"about":[{"href":"https:\/\/www.sonntrans.com\/en\/wp-json\/wp\/v2\/types\/page"}],"author":[{"embeddable":true,"href":"https:\/\/www.sonntrans.com\/en\/wp-json\/wp\/v2\/users\/1"}],"replies":[{"embeddable":true,"href":"https:\/\/www.sonntrans.com\/en\/wp-json\/wp\/v2\/comments?post=157"}],"version-history":[{"count":114,"href":"https:\/\/www.sonntrans.com\/en\/wp-json\/wp\/v2\/pages\/157\/revisions"}],"predecessor-version":[{"id":1567,"href":"https:\/\/www.sonntrans.com\/en\/wp-json\/wp\/v2\/pages\/157\/revisions\/1567"}],"wp:attachment":[{"href":"https:\/\/www.sonntrans.com\/en\/wp-json\/wp\/v2\/media?parent=157"}],"curies":[{"name":"wp","href":"https:\/\/api.w.org\/{rel}","templated":true}]}}