{"id":165,"date":"2021-05-01T09:34:31","date_gmt":"2021-05-01T09:34:31","guid":{"rendered":"http:\/\/www.sonntrans.com\/?page_id=165"},"modified":"2024-05-22T15:12:19","modified_gmt":"2024-05-22T15:12:19","slug":"beruf-ung","status":"publish","type":"page","link":"https:\/\/www.sonntrans.com\/en\/beruf-ung\/","title":{"rendered":"Beruf(ung)"},"content":{"rendered":"<div data-elementor-type=\"wp-post\" data-elementor-id=\"165\" class=\"elementor elementor-165\">\n\t\t\t\t\t\t<section class=\"elementor-section elementor-top-section elementor-element elementor-element-13c81462 elementor-section-boxed elementor-section-height-default elementor-section-height-default\" data-id=\"13c81462\" data-element_type=\"section\" data-e-type=\"section\">\n\t\t\t\t\t\t<div class=\"elementor-container elementor-column-gap-default\">\n\t\t\t\t\t<div class=\"elementor-column elementor-col-50 elementor-top-column elementor-element elementor-element-3bebdec2\" data-id=\"3bebdec2\" data-element_type=\"column\" data-e-type=\"column\">\n\t\t\t<div class=\"elementor-widget-wrap elementor-element-populated\">\n\t\t\t\t\t\t<div class=\"elementor-element elementor-element-21be7026 elementor-widget elementor-widget-text-editor\" data-id=\"21be7026\" data-element_type=\"widget\" data-e-type=\"widget\" data-widget_type=\"text-editor.default\">\n\t\t\t\t<div class=\"elementor-widget-container\">\n\t\t\t\t\t\t\t\t\t<div class=\"\" data-mesh-id=\"comp-knohr16winlineContent\" data-testid=\"inline-content\">\n<div data-mesh-id=\"comp-knohr16winlineContent-gridContainer\" data-testid=\"mesh-container-content\">\n<div id=\"comp-knoterpz\" class=\"_2bafp\" data-testid=\"richTextElement\">\n<h3><span class=\"color_11\">Sprachen<\/span><span class=\"color_11\"> und Sport<\/span><\/h3>\n<p class=\"font_8\"><span style=\"color: #ffffff;\"><span class=\"color_11\">Seit meiner Kindheit betreibe ich Sport und war schon immer bereit, Neues auszuprobieren: Skifahren, Volleyball, Squash, Badminton &#8230;<\/span><\/span><\/p><p class=\"font_8\"><span style=\"color: #ffffff;\"><span class=\"color_11\">Nach dem wettkampfm\u00e4\u00dfigen Rollkunstlauf habe ich die 8 kleinen Rollen gegen 2 gr\u00f6\u00dfere R\u00e4der eingetauscht und bin nun meist mit dem Rennrad unterwegs.<\/span><\/span><\/p>\n<p>Fr\u00fch war mir auch klar, dass ich etwas \u201emit Sprachen\u201c machen will.<span class=\"color_11\" style=\"color: #ffffff;\"><br><\/span><\/p>\n<\/div>\n<\/div>\n<\/div>\t\t\t\t\t\t\t\t<\/div>\n\t\t\t\t<\/div>\n\t\t\t\t<section class=\"elementor-section elementor-inner-section elementor-element elementor-element-76952ba8 elementor-section-boxed elementor-section-height-default elementor-section-height-default\" data-id=\"76952ba8\" data-element_type=\"section\" data-e-type=\"section\">\n\t\t\t\t\t\t<div class=\"elementor-container elementor-column-gap-default\">\n\t\t\t\t\t<div class=\"elementor-column elementor-col-50 elementor-inner-column elementor-element elementor-element-5d3542ca\" data-id=\"5d3542ca\" data-element_type=\"column\" data-e-type=\"column\">\n\t\t\t<div class=\"elementor-widget-wrap elementor-element-populated\">\n\t\t\t\t\t\t<div class=\"elementor-element elementor-element-9ba6803 elementor-widget elementor-widget-text-editor\" data-id=\"9ba6803\" data-element_type=\"widget\" data-e-type=\"widget\" data-widget_type=\"text-editor.default\">\n\t\t\t\t<div class=\"elementor-widget-container\">\n\t\t\t\t\t\t\t\t\t<p style=\"text-align: left;\"><span class=\"color_11\">Und so erarbeitete ich f\u00fcr meine Diplomarbeit zur \u00dcbersetzerin eine Terminologie zu den Sportarten der Olympischen Winterspiele.<strong>\u00a0<\/strong><\/span><\/p><p style=\"text-align: left;\"><span class=\"color_11\">Und aus der Diplomarbeit entstand ein Buch, das<\/span><\/p>\t\t\t\t\t\t\t\t<\/div>\n\t\t\t\t<\/div>\n\t\t\t\t<div class=\"elementor-element elementor-element-f394121 elementor-widget elementor-widget-text-editor\" data-id=\"f394121\" data-element_type=\"widget\" data-e-type=\"widget\" data-widget_type=\"text-editor.default\">\n\t\t\t\t<div class=\"elementor-widget-container\">\n\t\t\t\t\t\t\t\t\t<p class=\"font_8\" style=\"text-align: center;\"><strong><span class=\"color_11\">W\u00f6rterbuch<br \/>der <br \/>Olympischen Winterspiele<\/span><\/strong><\/p>\t\t\t\t\t\t\t\t<\/div>\n\t\t\t\t<\/div>\n\t\t\t\t\t<\/div>\n\t\t<\/div>\n\t\t\t\t<div class=\"elementor-column elementor-col-50 elementor-inner-column elementor-element elementor-element-24991ecb\" data-id=\"24991ecb\" data-element_type=\"column\" data-e-type=\"column\">\n\t\t\t<div class=\"elementor-widget-wrap elementor-element-populated\">\n\t\t\t\t\t\t<div class=\"elementor-element elementor-element-003086f elementor-widget elementor-widget-image\" data-id=\"003086f\" data-element_type=\"widget\" data-e-type=\"widget\" data-widget_type=\"image.default\">\n\t\t\t\t<div class=\"elementor-widget-container\">\n\t\t\t\t\t\t\t\t\t\t\t\t\t\t\t<img fetchpriority=\"high\" decoding=\"async\" width=\"212\" height=\"300\" src=\"https:\/\/www.sonntrans.com\/wp-content\/uploads\/2021\/05\/Woerterbuch-212x300.jpg\" class=\"attachment-medium size-medium wp-image-97\" alt=\"\" srcset=\"https:\/\/www.sonntrans.com\/wp-content\/uploads\/2021\/05\/Woerterbuch-212x300.jpg 212w, https:\/\/www.sonntrans.com\/wp-content\/uploads\/2021\/05\/Woerterbuch-723x1024.jpg 723w, https:\/\/www.sonntrans.com\/wp-content\/uploads\/2021\/05\/Woerterbuch-768x1088.jpg 768w, https:\/\/www.sonntrans.com\/wp-content\/uploads\/2021\/05\/Woerterbuch-1084x1536.jpg 1084w, https:\/\/www.sonntrans.com\/wp-content\/uploads\/2021\/05\/Woerterbuch-1446x2048.jpg 1446w, https:\/\/www.sonntrans.com\/wp-content\/uploads\/2021\/05\/Woerterbuch-scaled.jpg 1807w\" sizes=\"(max-width: 212px) 100vw, 212px\" \/>\t\t\t\t\t\t\t\t\t\t\t\t\t\t\t<\/div>\n\t\t\t\t<\/div>\n\t\t\t\t\t<\/div>\n\t\t<\/div>\n\t\t\t\t\t<\/div>\n\t\t<\/section>\n\t\t\t\t\t<\/div>\n\t\t<\/div>\n\t\t\t\t<div class=\"elementor-column elementor-col-50 elementor-top-column elementor-element elementor-element-aedd913\" data-id=\"aedd913\" data-element_type=\"column\" data-e-type=\"column\">\n\t\t\t<div class=\"elementor-widget-wrap\">\n\t\t\t\t\t\t\t<\/div>\n\t\t<\/div>\n\t\t\t\t\t<\/div>\n\t\t<\/section>\n\t\t\t\t<section class=\"elementor-section elementor-top-section elementor-element elementor-element-409aaef elementor-section-boxed elementor-section-height-default elementor-section-height-default\" data-id=\"409aaef\" data-element_type=\"section\" data-e-type=\"section\">\n\t\t\t\t\t\t<div class=\"elementor-container elementor-column-gap-default\">\n\t\t\t\t\t<div class=\"elementor-column elementor-col-50 elementor-top-column elementor-element elementor-element-5e27459\" data-id=\"5e27459\" data-element_type=\"column\" data-e-type=\"column\">\n\t\t\t<div class=\"elementor-widget-wrap elementor-element-populated\">\n\t\t\t\t\t\t<section class=\"elementor-section elementor-inner-section elementor-element elementor-element-65b6fb8 elementor-section-boxed elementor-section-height-default elementor-section-height-default\" data-id=\"65b6fb8\" data-element_type=\"section\" data-e-type=\"section\">\n\t\t\t\t\t\t<div class=\"elementor-container elementor-column-gap-default\">\n\t\t\t\t\t<div class=\"elementor-column elementor-col-33 elementor-inner-column elementor-element elementor-element-56765b5\" data-id=\"56765b5\" data-element_type=\"column\" data-e-type=\"column\">\n\t\t\t<div class=\"elementor-widget-wrap elementor-element-populated\">\n\t\t\t\t\t\t<div class=\"elementor-element elementor-element-a261557 elementor-widget elementor-widget-text-editor\" data-id=\"a261557\" data-element_type=\"widget\" data-e-type=\"widget\" data-widget_type=\"text-editor.default\">\n\t\t\t\t<div class=\"elementor-widget-container\">\n\t\t\t\t\t\t\t\t\t<p style=\"text-align: left;\"><span class=\"color_11\">In der Folge \u00fcbersetzte ich f\u00fcr das Internationale Olympische Kommittee (IOC) die Jubil\u00e4umsausgabe zu \u201eHundert Jahre Olympische Kongresse 1894-1994\u201c.<\/span><\/p>\t\t\t\t\t\t\t\t<\/div>\n\t\t\t\t<\/div>\n\t\t\t\t<div class=\"elementor-element elementor-element-251d4ea elementor-widget elementor-widget-image\" data-id=\"251d4ea\" data-element_type=\"widget\" data-e-type=\"widget\" data-widget_type=\"image.default\">\n\t\t\t\t<div class=\"elementor-widget-container\">\n\t\t\t\t\t\t\t\t\t\t\t\t\t\t\t<img decoding=\"async\" src=\"https:\/\/www.sonntrans.com\/wp-content\/uploads\/elementor\/thumbs\/Buch_IOC-scaled-p6ieyoxbt6z3gd34bw08c719yw11qgcqa2hwa93tc4.jpg\" title=\"Buch_IOC\" alt=\"Buch_IOC\" loading=\"lazy\" \/>\t\t\t\t\t\t\t\t\t\t\t\t\t\t\t<\/div>\n\t\t\t\t<\/div>\n\t\t\t\t\t<\/div>\n\t\t<\/div>\n\t\t\t\t<div class=\"elementor-column elementor-col-33 elementor-inner-column elementor-element elementor-element-2ae9339\" data-id=\"2ae9339\" data-element_type=\"column\" data-e-type=\"column\">\n\t\t\t<div class=\"elementor-widget-wrap elementor-element-populated\">\n\t\t\t\t\t\t<div class=\"elementor-element elementor-element-d2d92cb elementor-widget elementor-widget-text-editor\" data-id=\"d2d92cb\" data-element_type=\"widget\" data-e-type=\"widget\" data-widget_type=\"text-editor.default\">\n\t\t\t\t<div class=\"elementor-widget-container\">\n\t\t\t\t\t\t\t\t\t<p style=\"text-align: left;\"><span class=\"color_11\">Die englische Dissertation von Holger Preuss mit dem Titel \u201eEconomics of the Olympic Games\u201c stammt aus meiner \u201eelektronischen Feder\u201c.<\/span><\/p><p style=\"text-align: left;\"><span class=\"color_11\">\u00a0<\/span><\/p>\t\t\t\t\t\t\t\t<\/div>\n\t\t\t\t<\/div>\n\t\t\t\t<div class=\"elementor-element elementor-element-cf2f73c elementor-widget elementor-widget-image\" data-id=\"cf2f73c\" data-element_type=\"widget\" data-e-type=\"widget\" data-widget_type=\"image.default\">\n\t\t\t\t<div class=\"elementor-widget-container\">\n\t\t\t\t\t\t\t\t\t\t\t\t\t\t\t<img decoding=\"async\" src=\"https:\/\/www.sonntrans.com\/wp-content\/uploads\/elementor\/thumbs\/Buch_Preuss-scaled-p6ieyxdvipaocuqtyhnvgmwfbcvcnqabb8d9lqr9s4.jpg\" title=\"Buch_Preuss\" alt=\"Buch_Preuss\" loading=\"lazy\" \/>\t\t\t\t\t\t\t\t\t\t\t\t\t\t\t<\/div>\n\t\t\t\t<\/div>\n\t\t\t\t\t<\/div>\n\t\t<\/div>\n\t\t\t\t<div class=\"elementor-column elementor-col-33 elementor-inner-column elementor-element elementor-element-a3baa2f\" data-id=\"a3baa2f\" data-element_type=\"column\" data-e-type=\"column\">\n\t\t\t<div class=\"elementor-widget-wrap elementor-element-populated\">\n\t\t\t\t\t\t<div class=\"elementor-element elementor-element-f6d8fa3 elementor-widget elementor-widget-text-editor\" data-id=\"f6d8fa3\" data-element_type=\"widget\" data-e-type=\"widget\" data-widget_type=\"text-editor.default\">\n\t\t\t\t<div class=\"elementor-widget-container\">\n\t\t\t\t\t\t\t\t\t<p style=\"text-align: left;\"><span class=\"color_11\">Au\u00dferdem durfte ich auch die Dissertation von Marco Groll zum Thema \u201eProdukt- und Prozessdokumentation\u201c \u00fcbersetzen.<\/span><\/p><p style=\"text-align: left;\"><span class=\"color_11\"><br><\/span><\/p><p style=\"text-align: left;\"><span class=\"color_11\"><br><\/span><\/p>\t\t\t\t\t\t\t\t<\/div>\n\t\t\t\t<\/div>\n\t\t\t\t<div class=\"elementor-element elementor-element-ebbfc17 elementor-widget elementor-widget-image\" data-id=\"ebbfc17\" data-element_type=\"widget\" data-e-type=\"widget\" data-widget_type=\"image.default\">\n\t\t\t\t<div class=\"elementor-widget-container\">\n\t\t\t\t\t\t\t\t\t\t\t\t\t\t\t<img decoding=\"async\" src=\"https:\/\/www.sonntrans.com\/wp-content\/uploads\/elementor\/thumbs\/Buch_Groll-scaled-p6ieytmird5j2ewakg1d6nukxtdvsxvdyprbomwuh0.jpg\" title=\"Buch_Groll\" alt=\"Buch_Groll\" loading=\"lazy\" \/>\t\t\t\t\t\t\t\t\t\t\t\t\t\t\t<\/div>\n\t\t\t\t<\/div>\n\t\t\t\t\t<\/div>\n\t\t<\/div>\n\t\t\t\t\t<\/div>\n\t\t<\/section>\n\t\t\t\t\t<\/div>\n\t\t<\/div>\n\t\t\t\t<div class=\"elementor-column elementor-col-50 elementor-top-column elementor-element elementor-element-f84d1db\" data-id=\"f84d1db\" data-element_type=\"column\" data-e-type=\"column\">\n\t\t\t<div class=\"elementor-widget-wrap\">\n\t\t\t\t\t\t\t<\/div>\n\t\t<\/div>\n\t\t\t\t\t<\/div>\n\t\t<\/section>\n\t\t\t\t<\/div>","protected":false},"excerpt":{"rendered":"<p>Sprachen und Sport Seit meiner Kindheit betreibe ich Sport und war schon immer bereit, Neues auszuprobieren: Skifahren, Volleyball, Squash, Badminton &#8230; Nach dem wettkampfm\u00e4\u00dfigen Rollkunstlauf habe ich die 8 kleinen Rollen gegen 2 gr\u00f6\u00dfere R\u00e4der eingetauscht und bin nun meist mit dem Rennrad unterwegs. Fr\u00fch war mir auch klar, dass ich etwas \u201emit Sprachen\u201c machen [&hellip;]<\/p>\n","protected":false},"author":1,"featured_media":0,"parent":0,"menu_order":0,"comment_status":"closed","ping_status":"closed","template":"elementor_header_footer","meta":{"footnotes":""},"class_list":["post-165","page","type-page","status-publish","hentry"],"_links":{"self":[{"href":"https:\/\/www.sonntrans.com\/en\/wp-json\/wp\/v2\/pages\/165","targetHints":{"allow":["GET"]}}],"collection":[{"href":"https:\/\/www.sonntrans.com\/en\/wp-json\/wp\/v2\/pages"}],"about":[{"href":"https:\/\/www.sonntrans.com\/en\/wp-json\/wp\/v2\/types\/page"}],"author":[{"embeddable":true,"href":"https:\/\/www.sonntrans.com\/en\/wp-json\/wp\/v2\/users\/1"}],"replies":[{"embeddable":true,"href":"https:\/\/www.sonntrans.com\/en\/wp-json\/wp\/v2\/comments?post=165"}],"version-history":[{"count":193,"href":"https:\/\/www.sonntrans.com\/en\/wp-json\/wp\/v2\/pages\/165\/revisions"}],"predecessor-version":[{"id":1634,"href":"https:\/\/www.sonntrans.com\/en\/wp-json\/wp\/v2\/pages\/165\/revisions\/1634"}],"wp:attachment":[{"href":"https:\/\/www.sonntrans.com\/en\/wp-json\/wp\/v2\/media?parent=165"}],"curies":[{"name":"wp","href":"https:\/\/api.w.org\/{rel}","templated":true}]}}