{"id":179,"date":"2021-05-01T09:40:06","date_gmt":"2021-05-01T09:40:06","guid":{"rendered":"http:\/\/www.sonntrans.com\/?page_id=179"},"modified":"2022-05-10T05:54:10","modified_gmt":"2022-05-10T05:54:10","slug":"agbdatenschutz","status":"publish","type":"page","link":"https:\/\/www.sonntrans.com\/en\/agbdatenschutz\/","title":{"rendered":"AGB &#038; Datenschutz"},"content":{"rendered":"<div data-elementor-type=\"wp-post\" data-elementor-id=\"179\" class=\"elementor elementor-179\">\n\t\t\t\t\t\t<section class=\"elementor-section elementor-top-section elementor-element elementor-element-6218c639 elementor-section-boxed elementor-section-height-default elementor-section-height-default\" data-id=\"6218c639\" data-element_type=\"section\" data-e-type=\"section\">\n\t\t\t\t\t\t<div class=\"elementor-container elementor-column-gap-default\">\n\t\t\t\t\t<div class=\"elementor-column elementor-col-100 elementor-top-column elementor-element elementor-element-2ec1964d\" data-id=\"2ec1964d\" data-element_type=\"column\" data-e-type=\"column\">\n\t\t\t<div class=\"elementor-widget-wrap elementor-element-populated\">\n\t\t\t\t\t\t<div class=\"elementor-element elementor-element-273fd63 elementor-widget elementor-widget-text-editor\" data-id=\"273fd63\" data-element_type=\"widget\" data-e-type=\"widget\" data-widget_type=\"text-editor.default\">\n\t\t\t\t<div class=\"elementor-widget-container\">\n\t\t\t\t\t\t\t\t\t<h3 id=\"comp-knof3len3\" class=\"_2bafp\" data-testid=\"richTextElement\"><span class=\"color_11\">AGB und Widerrufsbelehrung<\/span><\/h3><div id=\"comp-knof3leo\" class=\"_2bafp\" data-testid=\"richTextElement\"><p class=\"font_9\">Meine \u00dcbersetzungst\u00e4tigkeit basiert auf der europ\u00e4ischen Norm DIN EN 15038 f\u00fcr \u00dcbersetzungsdienstleistungen.<\/p><p>Au\u00dferdem sind meine Allgemeinen Auftragsbedingungen (AGB) Bestandteil jeden Vertragsabschlusses. Die AGB k\u00f6nnen hier eingesehen oder heruntergeladen werden.<\/p><p><a href=\"https:\/\/www.sonntrans.com\/AGB.pdf\" target=\"_blank\" rel=\"nofollow noopener\">AGB als PDF-Datei<\/a><\/p><p><a href=\"https:\/\/www.sonntrans.com\/Widerrufsbelehrung.pdf\" target=\"_blank\" rel=\"nofollow noopener\">Widerrufsbelehrung als PDF-Datei<\/a><\/p><p>Meine T\u00e4tigkeiten als \u00dcbersetzerin und Dolmetscherin, die z. B. auch Korrekturlesen oder Texten umfassen, sind \u00fcber Berufs- und Verm\u00f6gensschaden-Haftpflichtversicherungen gedeckt.<\/p><\/div>\t\t\t\t\t\t\t\t<\/div>\n\t\t\t\t<\/div>\n\t\t\t\t<div class=\"elementor-element elementor-element-9450828 elementor-widget elementor-widget-text-editor\" data-id=\"9450828\" data-element_type=\"widget\" data-e-type=\"widget\" data-widget_type=\"text-editor.default\">\n\t\t\t\t<div class=\"elementor-widget-container\">\n\t\t\t\t\t\t\t\t\t<div class=\"\" data-mesh-id=\"comp-knohr16winlineContent\" data-testid=\"inline-content\"><div data-mesh-id=\"comp-knohr16winlineContent-gridContainer\" data-testid=\"mesh-container-content\"><div id=\"comp-knsz46wy\" class=\"_2bafp\" data-testid=\"richTextElement\"><h3 class=\"font_6\"><span class=\"color_11\" style=\"color: #ffffff;\">Nutzungsbedingungen<\/span><\/h3><\/div><div id=\"comp-knsyyzq7\" class=\"_2bafp\" data-testid=\"richTextElement\"><p class=\"font_9\"><span class=\"color_11\" style=\"color: #ffffff;\">Danke f\u00fcr Ihren Besuch auf meiner Website. Mit dem Zugriff erkl\u00e4ren Sie sich mit den folgenden Bedingungen einverstanden. Bitte lesen Sie sie daher sorgf\u00e4ltig durch.<\/span><\/p><p><strong><span style=\"color: #ffffff;\">Verwendung meiner Seite<\/span><\/strong><br \/><span style=\"color: #ffffff;\">Sie d\u00fcrfen meine Website und Leistungen nur im Rahmen der gesetzlichen Bestimmungen nutzen. Ich kann Ihren Zugang sperren oder k\u00fcndigen, wenn Sie meine Richtlinien nicht einhalten oder wenn ich ein mutma\u00dfliches Fehlverhalten untersuche.<\/span><\/p><p><strong><span style=\"color: #ffffff;\">Kommunikation<\/span><\/strong><br \/><span style=\"color: #ffffff;\">Ich kann Ihnen Ank\u00fcndigungen und andere wichtige Informationen im Zusammenhang mit Ihrer Nutzung meiner Website zusenden. Sie k\u00f6nnen einige dieser Mitteilungen jederzeit abbestellen.<\/span><\/p><p>\u00a0<\/p><\/div><\/div><\/div>\t\t\t\t\t\t\t\t<\/div>\n\t\t\t\t<\/div>\n\t\t\t\t<div class=\"elementor-element elementor-element-85d9321 elementor-widget elementor-widget-text-editor\" data-id=\"85d9321\" data-element_type=\"widget\" data-e-type=\"widget\" data-widget_type=\"text-editor.default\">\n\t\t\t\t<div class=\"elementor-widget-container\">\n\t\t\t\t\t\t\t\t\t<h3 class=\"font_6\">Datenschutzerkl\u00e4rung<\/h3><p><em><strong>Der Schutz Ihrer pers\u00f6nlichen Daten ist mir ein besonderes Anliegen. Ich verarbeite Ihre Daten daher ausschlie\u00dflich auf Grundlage der gesetzlichen Bestimmungen (DSGVO, TKG 2003). In dieser Datenschutzerkl\u00e4rung informiere ich Sie \u00fcber die wichtigsten Aspekte der Datenverarbeitung im Rahmen meiner Website.<\/strong><\/em><\/p><p>Definitionen der verwendeten Begriffe (z.B. \u201epersonenbezogene Daten\u201c oder \u201eVerarbeitung\u201c) finden Sie in Art. 4 DSGVO.<\/p><p><span style=\"color: #ffffff;\"><strong>Zugriffsdaten<\/strong><\/span><\/p><p>Ich, der Websitebetreiber bzw. Seitenprovider, erhebe aufgrund meines berechtigten Interesses (s. Art. 6 Abs. 1 lit. f. DSGVO) Daten \u00fcber Zugriffe auf die Website, die als \u201eServer-Logfiles\u201c auf dem Server der Website gespeichert werden. Dazu geh\u00f6ren u.a. Uhrzeit des Zugriffes, Menge der gesendeten Daten in Byte, Quelle\/Verweis, von welchem Sie auf die Seite gelangten oder verwendete IP-Adresse.<\/p><p>Die Server-Logfiles werden f\u00fcr maximal 7 Tage gespeichert und anschlie\u00dfend gel\u00f6scht. Die Speicherung der Daten erfolgt aus Sicherheitsgr\u00fcnden, um z. B. Missbrauchsf\u00e4lle aufkl\u00e4ren zu k\u00f6nnen. M\u00fcssen Daten aus Beweisgr\u00fcnden aufgehoben werden, sind sie solange von der L\u00f6schung ausgenommen, bis der Vorfall endg\u00fcltig gekl\u00e4rt ist.<\/p><p><strong>Reichweitenmessung &amp; Cookies<\/strong><\/p><p>Diese Website verwendet Cookies zur pseudonymisierten Reichweitenmessung, die vom Server des Websitebetreibers an den Browser des Nutzers \u00fcbertragen werden. Bei Cookies handelt es sich um kleine Dateien, die auf Ihrem Endger\u00e4t gespeichert werden. Ihr Browser greift auf diese Dateien zu. Durch den Einsatz von Cookies erh\u00f6ht sich die Benutzerfreundlichkeit und Sicherheit dieser Website.<\/p><p>Falls Sie nicht m\u00f6chten, dass Cookies zur Reichweitenmessung auf Ihrem Endger\u00e4t gespeichert werden, k\u00f6nnen Sie dem Einsatz dieser Dateien hier widersprechen: <u><a href=\"http:\/\/optout.networkadvertising.org\/?c=1#!\/\" target=\"_blank\" rel=\"noopener\">https:\/\/optout.networkadvertising.org\/?c=1#!\/<\/a><\/u><\/p><p>G\u00e4ngige Browser bieten die Einstellungsoption, Cookies nicht zuzulassen.<br \/><strong>Hinweis:<\/strong> Es ist nicht gew\u00e4hrleistet, dass Sie auf alle Funktionen dieser Website ohne Einschr\u00e4nkungen zugreifen k\u00f6nnen, wenn Sie entsprechende Einstellungen vornehmen.<\/p><p><strong>Erfassung und Verarbeitung personenbezogener Daten<\/strong><\/p><p>Der Websitebetreiber erhebt, nutzt und gibt Ihre personenbezogenen Daten nur dann weiter, wenn dies im gesetzlichen Rahmen erlaubt ist oder Sie in die Datenerhebung einwilligen.<\/p><p>Als personenbezogene Daten gelten s\u00e4mtliche Informationen, welche dazu dienen, Ihre Person zu bestimmen und welche zu Ihnen zur\u00fcckverfolgt werden k\u00f6nnen \u2013 also beispielsweise Ihr Name, Ihre E-Mail-Adresse und Telefonnummer.<\/p><p>Ich verarbeite personenbezogene Daten wie Vorname, Nachname, E-Mail-Adresse, IP-Adresse aus dem Kontaktformular oder der an mich gesendeten E-Mail nur nach ausdr\u00fccklicher Erlaubnis der betreffenden Nutzer und unter Einhaltung der geltenden Datenschutzbestimmungen. Die Verarbeitung der personenbezogenen Daten erfolgt aufgrund meines berechtigten Interesses zur Erf\u00fcllung unserer vertraglich vereinbarten Leistungen.<\/p><p><strong>Umgang mit Kontaktdaten<\/strong><\/p><p>Nehmen Sie mit mir als Websitebetreiber durch die angebotenen Kontaktm\u00f6glichkeiten Verbindung auf, werden Ihre Angaben gespeichert, damit auf diese zur Bearbeitung und Beantwortung Ihrer Anfrage zur\u00fcckgegriffen werden kann. Ohne Ihre Einwilligung werden diese Daten nicht an Dritte weitergegeben.<\/p><p><strong>Rechtsbehelfsbelehrung<\/strong><\/p><p>Ihnen stehen grunds\u00e4tzlich die Rechte auf Auskunft, Berichtigung, L\u00f6schung, Einschr\u00e4nkung, Daten\u00fcbertragbarkeit und Widerspruch zu. Wenden Sie sich daf\u00fcr an mich. Wenn Sie glauben, dass die Verarbeitung Ihrer Daten gegen das Datenschutzrecht verst\u00f6\u00dft oder Ihre datenschutzrechtlichen Anspr\u00fcche sonst in einer Weise verletzt worden sind, k\u00f6nnen Sie sich bei der Aufsichtsbeh\u00f6rde beschweren. In \u00d6sterreich ist die <a href=\"http:\/\/dsb.gv.at\/\" target=\"_blank\" rel=\"noopener\">Datenschutzbeh\u00f6rde<\/a> zust\u00e4ndig.<\/p><p><strong>L\u00f6schung von Daten<\/strong><\/p><p>Sofern Ihr Wunsch nicht mit einer gesetzlichen Pflicht zur Aufbewahrung von Daten (z. B. Vorratsdatenspeicherung) kollidiert, haben Sie ein Anrecht auf L\u00f6schung Ihrer Daten. Von uns gespeicherte Daten werden, sollten sie f\u00fcr ihre Zweckbestimmung nicht mehr vonn\u00f6ten sein und es keine gesetzlichen Aufbewahrungsfristen geben, gel\u00f6scht. Falls eine L\u00f6schung nicht durchgef\u00fchrt werden kann, da die Daten f\u00fcr zul\u00e4ssige gesetzliche Zwecke erforderlich sind, erfolgt eine Einschr\u00e4nkung der Datenverarbeitung. In diesem Fall werden die Daten gesperrt und nicht f\u00fcr andere Zwecke verarbeitet.<\/p><p><strong>Widerspruchsrecht<\/strong><\/p><p>Nutzer dieser Webseite k\u00f6nnen von ihrem Widerspruchsrecht Gebrauch machen und der Verarbeitung ihrer personenbezogenen Daten zu jeder Zeit widersprechen.<\/p><p>Wenn Sie eine Berichtigung, Sperrung, L\u00f6schung oder Auskunft \u00fcber die zu Ihrer Person gespeicherten personenbezogenen Daten w\u00fcnschen oder Fragen bzgl. der Erhebung, Verarbeitung oder Verwendung Ihrer personenbezogenen Daten haben oder erteilte Einwilligungen widerrufen m\u00f6chten, wenden Sie sich bitte an die Datenschutzbeauftragte unter folgender E-Mail-Adresse: <a href=\"mailto:info@sonntrans.com\">info@sonntrans.com<\/a><\/p><p><strong>Google Analytics<\/strong><\/p><p>Diese Website nutzt aufgrund meines berechtigten Interessen zur Optimierung und Analyse meines Online-Angebots im Sinne des Art. 6 Abs. 1 lit. f. DSGVO den Dienst \u201eGoogle Analytics\u201c, welcher von der Google Inc. (1600 Amphitheatre Parkway Mountain View, CA 94043, USA) angeboten wird. Der Dienst (Google Analytics) verwendet \u201eCookies\u201c. Die durch Cookies gesammelten Informationen werden im Regelfall an einen Google-Server in den USA gesandt und dort gespeichert.<\/p><p>Google LLC h\u00e4lt das europ\u00e4ische Datenschutzrecht ein und ist unter dem Privacy-Shield-Abkommen zertifiziert: <u><a href=\"https:\/\/www.privacyshield.gov\/participant?id=a2zt000000001L5AAI&amp;status=Active\" target=\"_blank\" rel=\"noopener\">https:\/\/www.privacyshield.gov\/participant?id=a2zt000000001L5AAI&amp;status=Active<\/a><\/u><\/p><p>Auf dieser Website greift die IP-Anonymisierung. Die IP-Adresse der Nutzer wird innerhalb der Mitgliedsstaaten der EU und des Europ\u00e4ischen Wirtschaftsraum und in den anderen Vertragsstaaten des Abkommens gek\u00fcrzt. Nur in Einzelf\u00e4llen wird die IP-Adresse zun\u00e4chst ungek\u00fcrzt in die USA an einen Server von Google \u00fcbertragen und dort gek\u00fcrzt. Durch diese K\u00fcrzung entf\u00e4llt der Personenbezug Ihrer IP-Adresse. Die vom Browser \u00fcbermittelte IP-Adresse des Nutzers wird nicht mit anderen von Google gespeicherten Daten kombiniert.<\/p><p>Im Rahmen der Vereinbarung zur Auftragsdatenvereinbarung, welche ich als Websitebetreiber mit der Google Inc. geschlossen haben, erstellt diese mithilfe der gesammelten Informationen eine Auswertung der Websitenutzung und der Websiteaktivit\u00e4t und erbringt mit der Internetnutzung verbundene Dienstleistungen.<\/p><p>Die von Google in meinem Auftrag erhobenen Daten werden genutzt, um die Nutzung meines Online-Angebots durch die einzelnen Nutzer auswerten zu k\u00f6nnen, z. B. um Berichte \u00fcber die Aktivit\u00e4t auf der Website zu erstellen.<\/p><p>Weiterhin k\u00f6nnen Sie durch ein Browser-Plugin verhindern, dass die durch Cookies gesammelten Informationen (inklusive Ihrer IP-Adresse) an die Google Inc. gesendet und von der Google Inc. genutzt werden. Folgender Link f\u00fchrt Sie zu dem entsprechenden Plugin: <u><a href=\"https:\/\/tools.google.com\/dlpage\/gaoptout?hl=de\" target=\"_blank\" rel=\"noopener\">https:\/\/tools.google.com\/dlpage\/gaoptout?hl=de<\/a><\/u><\/p>\t\t\t\t\t\t\t\t<\/div>\n\t\t\t\t<\/div>\n\t\t\t\t\t<\/div>\n\t\t<\/div>\n\t\t\t\t\t<\/div>\n\t\t<\/section>\n\t\t\t\t<\/div>","protected":false},"excerpt":{"rendered":"<p>AGB und Widerrufsbelehrung Meine \u00dcbersetzungst\u00e4tigkeit basiert auf der europ\u00e4ischen Norm DIN EN 15038 f\u00fcr \u00dcbersetzungsdienstleistungen. Au\u00dferdem sind meine Allgemeinen Auftragsbedingungen (AGB) Bestandteil jeden Vertragsabschlusses. Die AGB k\u00f6nnen hier eingesehen oder heruntergeladen werden. AGB als PDF-Datei Widerrufsbelehrung als PDF-Datei Meine T\u00e4tigkeiten als \u00dcbersetzerin und Dolmetscherin, die z. B. auch Korrekturlesen oder Texten umfassen, sind \u00fcber Berufs- [&hellip;]<\/p>\n","protected":false},"author":1,"featured_media":0,"parent":0,"menu_order":0,"comment_status":"closed","ping_status":"closed","template":"elementor_header_footer","meta":{"footnotes":""},"class_list":["post-179","page","type-page","status-publish","hentry"],"_links":{"self":[{"href":"https:\/\/www.sonntrans.com\/en\/wp-json\/wp\/v2\/pages\/179","targetHints":{"allow":["GET"]}}],"collection":[{"href":"https:\/\/www.sonntrans.com\/en\/wp-json\/wp\/v2\/pages"}],"about":[{"href":"https:\/\/www.sonntrans.com\/en\/wp-json\/wp\/v2\/types\/page"}],"author":[{"embeddable":true,"href":"https:\/\/www.sonntrans.com\/en\/wp-json\/wp\/v2\/users\/1"}],"replies":[{"embeddable":true,"href":"https:\/\/www.sonntrans.com\/en\/wp-json\/wp\/v2\/comments?post=179"}],"version-history":[{"count":67,"href":"https:\/\/www.sonntrans.com\/en\/wp-json\/wp\/v2\/pages\/179\/revisions"}],"predecessor-version":[{"id":1410,"href":"https:\/\/www.sonntrans.com\/en\/wp-json\/wp\/v2\/pages\/179\/revisions\/1410"}],"wp:attachment":[{"href":"https:\/\/www.sonntrans.com\/en\/wp-json\/wp\/v2\/media?parent=179"}],"curies":[{"name":"wp","href":"https:\/\/api.w.org\/{rel}","templated":true}]}}