{"id":50,"date":"2021-04-29T18:30:21","date_gmt":"2021-04-29T18:30:21","guid":{"rendered":"http:\/\/www.sonntrans.com\/?page_id=50"},"modified":"2023-09-12T09:49:00","modified_gmt":"2023-09-12T09:49:00","slug":"start","status":"publish","type":"page","link":"https:\/\/www.sonntrans.com\/en\/","title":{"rendered":"Start"},"content":{"rendered":"<div data-elementor-type=\"wp-page\" data-elementor-id=\"50\" class=\"elementor elementor-50\">\n\t\t\t\t\t\t<section class=\"elementor-section elementor-top-section elementor-element elementor-element-a02540e elementor-section-boxed elementor-section-height-default elementor-section-height-default\" data-id=\"a02540e\" data-element_type=\"section\" data-e-type=\"section\">\n\t\t\t\t\t\t<div class=\"elementor-container elementor-column-gap-no\">\n\t\t\t\t\t<div class=\"elementor-column elementor-col-100 elementor-top-column elementor-element elementor-element-ba74e4c\" data-id=\"ba74e4c\" data-element_type=\"column\" data-e-type=\"column\">\n\t\t\t<div class=\"elementor-widget-wrap elementor-element-populated\">\n\t\t\t\t\t\t<div class=\"elementor-element elementor-element-195f31e elementor-widget elementor-widget-image\" data-id=\"195f31e\" data-element_type=\"widget\" data-e-type=\"widget\" data-widget_type=\"image.default\">\n\t\t\t\t<div class=\"elementor-widget-container\">\n\t\t\t\t\t\t\t\t\t\t\t\t\t\t\t<img fetchpriority=\"high\" decoding=\"async\" width=\"608\" height=\"238\" src=\"https:\/\/www.sonntrans.com\/wp-content\/uploads\/2021\/05\/Translation.jpg\" class=\"attachment-large size-large wp-image-89\" alt=\"\" srcset=\"https:\/\/www.sonntrans.com\/wp-content\/uploads\/2021\/05\/Translation.jpg 608w, https:\/\/www.sonntrans.com\/wp-content\/uploads\/2021\/05\/Translation-300x117.jpg 300w\" sizes=\"(max-width: 608px) 100vw, 608px\" \/>\t\t\t\t\t\t\t\t\t\t\t\t\t\t\t<\/div>\n\t\t\t\t<\/div>\n\t\t\t\t\t<\/div>\n\t\t<\/div>\n\t\t\t\t\t<\/div>\n\t\t<\/section>\n\t\t\t\t<section class=\"elementor-section elementor-top-section elementor-element elementor-element-97b80fa elementor-section-boxed elementor-section-height-default elementor-section-height-default\" data-id=\"97b80fa\" data-element_type=\"section\" data-e-type=\"section\">\n\t\t\t\t\t\t<div class=\"elementor-container elementor-column-gap-default\">\n\t\t\t\t\t<div class=\"elementor-column elementor-col-100 elementor-top-column elementor-element elementor-element-f37cd91\" data-id=\"f37cd91\" data-element_type=\"column\" data-e-type=\"column\">\n\t\t\t<div class=\"elementor-widget-wrap elementor-element-populated\">\n\t\t\t\t\t\t<section class=\"elementor-section elementor-inner-section elementor-element elementor-element-0740005 elementor-section-boxed elementor-section-height-default elementor-section-height-default\" data-id=\"0740005\" data-element_type=\"section\" data-e-type=\"section\">\n\t\t\t\t\t\t<div class=\"elementor-container elementor-column-gap-default\">\n\t\t\t\t\t<div class=\"elementor-column elementor-col-33 elementor-inner-column elementor-element elementor-element-de62e67\" data-id=\"de62e67\" data-element_type=\"column\" data-e-type=\"column\">\n\t\t\t<div class=\"elementor-widget-wrap\">\n\t\t\t\t\t\t\t<\/div>\n\t\t<\/div>\n\t\t\t\t<div class=\"elementor-column elementor-col-33 elementor-inner-column elementor-element elementor-element-07bf7a6\" data-id=\"07bf7a6\" data-element_type=\"column\" data-e-type=\"column\">\n\t\t\t<div class=\"elementor-widget-wrap elementor-element-populated\">\n\t\t\t\t\t\t<div class=\"elementor-element elementor-element-6e3a702 elementor-widget elementor-widget-text-editor\" data-id=\"6e3a702\" data-element_type=\"widget\" data-e-type=\"widget\" data-widget_type=\"text-editor.default\">\n\t\t\t\t<div class=\"elementor-widget-container\">\n\t\t\t\t\t\t\t\t\t<div class=\"\" data-mesh-id=\"comp-knohr16winlineContent\" data-testid=\"inline-content\"><div data-mesh-id=\"comp-knohr16winlineContent-gridContainer\" data-testid=\"mesh-container-content\"><div id=\"comp-knohtdl5\" class=\"_2bafp\" data-testid=\"richTextElement\"><h3 style=\"text-align: center;\"><strong><span style=\"color: #ffffff;\"><br \/>Willkommen! Welcome!<\/span><\/strong><\/h3><p class=\"font_9\" style=\"text-align: left;\"><span style=\"color: #ffffff;\"><strong><span class=\"color_11\">GoogleTranslate &amp; Co. k\u00f6nnen uns \u201eHuman\u00fcbersetzer:innen\u201c nicht ersetzen&#8230;<\/span><\/strong><span class=\"color_11\"> <br \/><\/span><\/span><\/p><\/div><\/div><\/div>\t\t\t\t\t\t\t\t<\/div>\n\t\t\t\t<\/div>\n\t\t\t\t<div class=\"elementor-element elementor-element-bd4926e elementor-widget elementor-widget-text-editor\" data-id=\"bd4926e\" data-element_type=\"widget\" data-e-type=\"widget\" data-widget_type=\"text-editor.default\">\n\t\t\t\t<div class=\"elementor-widget-container\">\n\t\t\t\t\t\t\t\t\t<p style=\"text-align: left;\"><span class=\"color_11\">Auch wenn es viele glauben, Google Translate, K\u00fcnstliche Intelligenz &amp; Co. machen unseren Beruf nicht \u00fcberfl\u00fcssig. \u00dcbersetzungen mit Online-Programmen aus dem Internet k\u00f6nnen erste Textinhalte vermitteln, <\/span><span class=\"color_11\">f\u00fcr eine stimmige \u00dcbersetzung im richtigen Kontext braucht es aber unbedingt Sprachprofis, weil wir \u00dcbersetzer:innen als Menschen zwischen den Zeilen lesen, feinste Textnuancen erkennen k\u00f6nnen \u2013 das ist der Schl\u00fcssel zu gelungenen \u00dcbersetzungen.<\/span><\/p>\n<p style=\"text-align: left;\">Und was es dazu noch braucht, erfahren Sie auf der n\u00e4chsten Seite&#8230;<\/p>\t\t\t\t\t\t\t\t<\/div>\n\t\t\t\t<\/div>\n\t\t\t\t\t<\/div>\n\t\t<\/div>\n\t\t\t\t<div class=\"elementor-column elementor-col-33 elementor-inner-column elementor-element elementor-element-ec39d22\" data-id=\"ec39d22\" data-element_type=\"column\" data-e-type=\"column\">\n\t\t\t<div class=\"elementor-widget-wrap\">\n\t\t\t\t\t\t\t<\/div>\n\t\t<\/div>\n\t\t\t\t\t<\/div>\n\t\t<\/section>\n\t\t\t\t\t<\/div>\n\t\t<\/div>\n\t\t\t\t\t<\/div>\n\t\t<\/section>\n\t\t\t\t<section class=\"elementor-section elementor-top-section elementor-element elementor-element-0338f29 elementor-section-boxed elementor-section-height-default elementor-section-height-default\" data-id=\"0338f29\" data-element_type=\"section\" data-e-type=\"section\">\n\t\t\t\t\t\t<div class=\"elementor-container elementor-column-gap-default\">\n\t\t\t\t\t<div class=\"elementor-column elementor-col-100 elementor-top-column elementor-element elementor-element-8db2638\" data-id=\"8db2638\" data-element_type=\"column\" data-e-type=\"column\">\n\t\t\t<div class=\"elementor-widget-wrap elementor-element-populated\">\n\t\t\t\t\t\t<div class=\"elementor-element elementor-element-bd2c214 elementor-button-info elementor-align-center elementor-widget elementor-widget-button\" data-id=\"bd2c214\" data-element_type=\"widget\" data-e-type=\"widget\" data-widget_type=\"button.default\">\n\t\t\t\t<div class=\"elementor-widget-container\">\n\t\t\t\t\t\t\t\t\t<div class=\"elementor-button-wrapper\">\n\t\t\t\t\t<a class=\"elementor-button elementor-button-link elementor-size-sm\" href=\"https:\/\/www.sonntrans.com\/en\/leistungen\/\">\n\t\t\t\t\t\t<span class=\"elementor-button-content-wrapper\">\n\t\t\t\t\t\t<span class=\"elementor-button-icon\">\n\t\t\t\t<i aria-hidden=\"true\" class=\"far fa-arrow-alt-circle-right\"><\/i>\t\t\t<\/span>\n\t\t\t\t\t\t\t\t\t<span class=\"elementor-button-text\">Weiterlesen<\/span>\n\t\t\t\t\t<\/span>\n\t\t\t\t\t<\/a>\n\t\t\t\t<\/div>\n\t\t\t\t\t\t\t\t<\/div>\n\t\t\t\t<\/div>\n\t\t\t\t\t<\/div>\n\t\t<\/div>\n\t\t\t\t\t<\/div>\n\t\t<\/section>\n\t\t\t\t<\/div>","protected":false},"excerpt":{"rendered":"<p>Willkommen! Welcome! GoogleTranslate &amp; Co. k\u00f6nnen uns \u201eHuman\u00fcbersetzer:innen\u201c nicht ersetzen&#8230; Auch wenn es viele glauben, Google Translate, K\u00fcnstliche Intelligenz &amp; Co. machen unseren Beruf nicht \u00fcberfl\u00fcssig. \u00dcbersetzungen mit Online-Programmen aus dem Internet k\u00f6nnen erste Textinhalte vermitteln, f\u00fcr eine stimmige \u00dcbersetzung im richtigen Kontext braucht es aber unbedingt Sprachprofis, weil wir \u00dcbersetzer:innen als Menschen zwischen den [&hellip;]<\/p>\n","protected":false},"author":1,"featured_media":0,"parent":0,"menu_order":0,"comment_status":"closed","ping_status":"closed","template":"elementor_header_footer","meta":{"footnotes":""},"class_list":["post-50","page","type-page","status-publish","hentry"],"_links":{"self":[{"href":"https:\/\/www.sonntrans.com\/en\/wp-json\/wp\/v2\/pages\/50","targetHints":{"allow":["GET"]}}],"collection":[{"href":"https:\/\/www.sonntrans.com\/en\/wp-json\/wp\/v2\/pages"}],"about":[{"href":"https:\/\/www.sonntrans.com\/en\/wp-json\/wp\/v2\/types\/page"}],"author":[{"embeddable":true,"href":"https:\/\/www.sonntrans.com\/en\/wp-json\/wp\/v2\/users\/1"}],"replies":[{"embeddable":true,"href":"https:\/\/www.sonntrans.com\/en\/wp-json\/wp\/v2\/comments?post=50"}],"version-history":[{"count":218,"href":"https:\/\/www.sonntrans.com\/en\/wp-json\/wp\/v2\/pages\/50\/revisions"}],"predecessor-version":[{"id":1553,"href":"https:\/\/www.sonntrans.com\/en\/wp-json\/wp\/v2\/pages\/50\/revisions\/1553"}],"wp:attachment":[{"href":"https:\/\/www.sonntrans.com\/en\/wp-json\/wp\/v2\/media?parent=50"}],"curies":[{"name":"wp","href":"https:\/\/api.w.org\/{rel}","templated":true}]}}